{"id":1208,"date":"2017-04-12T14:28:57","date_gmt":"2017-04-12T12:28:57","guid":{"rendered":"http:\/\/miorgemihoublon.be\/?page_id=1208"},"modified":"2020-11-17T12:36:33","modified_gmt":"2020-11-17T11:36:33","slug":"evenements","status":"publish","type":"page","link":"https:\/\/miorgemihoublon.be\/index.php\/evenements\/","title":{"rendered":"Evenements"},"content":{"rendered":"<div class=\"fusion-fullwidth fullwidth-box fusion-builder-row-1 fusion-flex-container nonhundred-percent-fullwidth non-hundred-percent-height-scrolling\" style=\"background-color: rgba(255,255,255,0);background-position: center center;background-repeat: no-repeat;border-width: 0px 0px 0px 0px;border-color:#eae9e9;border-style:solid;\" ><div class=\"fusion-builder-row fusion-row fusion-flex-align-items-flex-start\" style=\"max-width:calc( 1170px + 0px );margin-left: calc(-0px \/ 2 );margin-right: calc(-0px \/ 2 );\"><div class=\"fusion-layout-column fusion_builder_column fusion-builder-column-0 fusion_builder_column_1_1 1_1 fusion-flex-column\"><div class=\"fusion-column-wrapper fusion-flex-justify-content-flex-start fusion-content-layout-column\" style=\"background-position:left top;background-repeat:no-repeat;-webkit-background-size:cover;-moz-background-size:cover;-o-background-size:cover;background-size:cover;padding: 0px 0px 0px 0px;\"><div class=\"fusion-content-boxes content-boxes columns row fusion-columns-1 fusion-columns-total-1 fusion-content-boxes-1 content-boxes-icon-with-title content-left\" data-animationOffset=\"top-into-view\" style=\"margin-top:0px;margin-bottom:0px;\"><style type=\"text\/css\">.fusion-content-boxes-1 .heading .content-box-heading {color:#ffffff;}\n\t\t\t\t\t.fusion-content-boxes-1 .fusion-content-box-hover .link-area-link-icon-hover .heading .content-box-heading,\n\t\t\t\t\t.fusion-content-boxes-1 .fusion-content-box-hover .link-area-link-icon-hover .heading .heading-link .content-box-heading,\n\t\t\t\t\t.fusion-content-boxes-1 .fusion-content-box-hover .link-area-box-hover .heading .content-box-heading,\n\t\t\t\t\t.fusion-content-boxes-1 .fusion-content-box-hover .link-area-box-hover .heading .heading-link .content-box-heading,\n\t\t\t\t\t.fusion-content-boxes-1 .fusion-content-box-hover .link-area-link-icon-hover.link-area-box .fusion-read-more,\n\t\t\t\t\t.fusion-content-boxes-1 .fusion-content-box-hover .link-area-link-icon-hover.link-area-box .fusion-read-more::after,\n\t\t\t\t\t.fusion-content-boxes-1 .fusion-content-box-hover .link-area-link-icon-hover.link-area-box .fusion-read-more::before,\n\t\t\t\t\t.fusion-content-boxes-1 .fusion-content-box-hover .fusion-read-more:hover:after,\n\t\t\t\t\t.fusion-content-boxes-1 .fusion-content-box-hover .fusion-read-more:hover:before,\n\t\t\t\t\t.fusion-content-boxes-1 .fusion-content-box-hover .fusion-read-more:hover,\n\t\t\t\t\t.fusion-content-boxes-1 .fusion-content-box-hover .link-area-box-hover.link-area-box .fusion-read-more,\n\t\t\t\t\t.fusion-content-boxes-1 .fusion-content-box-hover .link-area-box-hover.link-area-box .fusion-read-more::after,\n\t\t\t\t\t.fusion-content-boxes-1 .fusion-content-box-hover .link-area-box-hover.link-area-box .fusion-read-more::before,\n\t\t\t\t\t.fusion-content-boxes-1 .fusion-content-box-hover .link-area-link-icon-hover .icon .circle-no,\n\t\t\t\t\t.fusion-content-boxes-1 .heading .heading-link:hover .content-box-heading {\n\t\t\t\t\t\tcolor: #c0996b;\n\t\t\t\t\t}\n\t\t\t\t\t.fusion-content-boxes-1 .fusion-content-box-hover .link-area-box-hover .icon .circle-no {\n\t\t\t\t\t\tcolor: #c0996b !important;\n\t\t\t\t\t}.fusion-content-boxes-1 .fusion-content-box-hover .link-area-box.link-area-box-hover .fusion-content-box-button {background: rgba(255,255,255,.05);color: #ffffff;}.fusion-content-boxes-1 .fusion-content-box-hover .link-area-box.link-area-box-hover .fusion-content-box-button .fusion-button-text {color: #ffffff;}\n\t\t\t\t\t.fusion-content-boxes-1 .fusion-content-box-hover .link-area-link-icon-hover .heading .icon > span {\n\t\t\t\t\t\tbackground-color: #c0996b !important;\n\t\t\t\t\t}\n\t\t\t\t\t.fusion-content-boxes-1 .fusion-content-box-hover .link-area-box-hover .heading .icon > span {\n\t\t\t\t\t\tborder-color: #c0996b !important;\n\t\t\t\t\t}<\/style><div class=\"fusion-column content-box-column content-box-column content-box-column-1 col-lg-12 col-md-12 col-sm-12 fusion-content-box-hover content-box-column-last content-box-column-last-in-row\"><div class=\"col content-box-wrapper content-wrapper link-area-link-icon icon-hover-animation-fade\" style=\"background-color:rgba(255,255,255,0);\" data-animationOffset=\"top-into-view\"><div class=\"fusion-clearfix\"><\/div><div class=\"content-container\" style=\"color:#747474;\"><div id='evcal_calendar_735' class='ajde_evcal_calendar ' ><div class='evo-data' data-cyear=\"2026\" data-cmonth=\"4\" data-runajax=\"1\" data-evc_open=\"0\" data-cal_ver=\"2.6.17\" data-mapscroll=\"true\" data-mapformat=\"roadmap\" data-mapzoom=\"18\" data-mapiconurl=\"\" data-ev_cnt=\"0\" data-show_limit=\"no\" data-tiles=\"no\" data-sort_by=\"sort_date\" data-filters_on=\"false\" data-range_start=\"0\" data-range_end=\"0\" data-send_unix=\"0\" data-ux_val=\"0\" data-accord=\"0\" data-rtl=\"no\"  ><\/div><div id='evcal_head' class='calendar_header ' ><div class='evo_cal_above'><span class='evo-jumper-btn'>Aller au mois<\/span><span class='evo-gototoday-btn' style='display:none' data-mo='4' data-yr='2026' data-dy=''>Mois courant<\/span><\/div><div class='evo_cal_above_content'><div class='evo_j_container' style='display:block' data-m='4' data-y='2026' data-expj='yes'>\n\t\t\t\t\t\t<div class='evo_j_months evo_j_dates' data-val='m'>\n\t\t\t\t\t\t\t<div class='legend evo_jumper_months'><a data-val='1'  title='Janvier' >Janvier<\/a><a data-val='2'  title='Fevrier' >Fevrier<\/a><a data-val='3'  title='Mars' >Mars<\/a><a data-val='4' class=\"current set\" title='Avril' >Avril<\/a><a data-val='5'  title='Mai' >Mai<\/a><a data-val='6'  title='Juin' >Juin<\/a><a data-val='7'  title='Juillet' >Juillet<\/a><a data-val='8'  title='Ao\u00fbt' >Ao\u00fbt<\/a><a data-val='9'  title='Septembre' >Septembre<\/a><a data-val='10'  title='Octobre' >Octobre<\/a><a data-val='11'  title='Novembre' >Novembre<\/a><a data-val='12'  title='D\u00e9cembre' >D\u00e9cembre<\/a><\/div><div class='clear'><\/div><\/div>\n\t\t\t\t\t\t\n\t\t\t\t\t\t<div class='evo_j_years evo_j_dates' data-val='y'>\n\t\t\t\t\t\t\t<p class='legend'><a data-val=\"2024\">2024<\/a><a data-val=\"2025\">2025<\/a><a class='current set' data-val=\"2026\">2026<\/a><a data-val=\"2027\">2027<\/a><a data-val=\"2028\">2028<\/a><\/p><div class='clear'><\/div>\n\t\t\t\t\t\t<\/div>\n\t\t\t\t\t<\/div><\/div><p id='evcal_cur' class='evo_month_title'> Avril, 2026<\/p><p class='evo_arrows'><span id='evcal_prev' class='evcal_arrows evcal_btn_prev' ><i class='fa fa-angle-left'><\/i><\/span><span id='evcal_next' class='evcal_arrows evcal_btn_next' ><i class='fa fa-angle-right'><\/i><\/span><\/p><div class='cal_arguments' style='display:none' data-hide_past=\"no\" data-show_et_ft_img=\"yes\" data-event_order=\"ASC\" data-ft_event_priority=\"no\" data-lang=\"L1\" data-month_incre=\"0\" data-only_ft=\"no\" data-hide_ft=\"no\" data-evc_open=\"no\" data-show_limit=\"no\" data-etc_override=\"no\" data-show_limit_redir=\"0\" data-tiles=\"no\" data-tile_height=\"0\" data-tile_bg=\"0\" data-tile_count=\"2\" data-tile_style=\"0\" data-s=\"\" data-members_only=\"no\" data-ux_val=\"0\" data-show_limit_ajax=\"no\" data-show_limit_paged=\"1\" data-hide_mult_occur=\"no\" data-show_repeats=\"no\" data-hide_end_time=\"no\" ><\/div><div class='clear'><\/div><\/div><div class='eventon_sorting_section' style='display:none'><div class='eventon_filter_line '><div class='eventon_filter' data-filter_field='event_type' data-filter_val='all' data-filter_type='tax' data-fl_o='IN'><\/div><div class='eventon_filter' data-filter_field='event_type_2' data-filter_val='all' data-filter_type='tax' data-fl_o='IN'><\/div><div class='eventon_filter' data-filter_field='event_type_3' data-filter_val='all' data-filter_type='tax' data-fl_o='IN'><\/div><div class='eventon_filter' data-filter_field='event_type_4' data-filter_val='all' data-filter_type='tax' data-fl_o='IN'><\/div><div class='eventon_filter' data-filter_field='event_type_5' data-filter_val='all' data-filter_type='tax' data-fl_o='IN'><\/div><div class='eventon_filter' data-filter_field='event_location' data-filter_val='all' data-filter_type='tax' data-fl_o='IN'><\/div><div class='eventon_filter' data-filter_field='event_organizer' data-filter_val='all' data-filter_type='tax' data-fl_o='IN'><\/div><\/div><div class='clear'><\/div><\/div><div id='eventon_loadbar_section'><div id='eventon_loadbar'><\/div><\/div><div id='evcal_list' class='eventon_events_list'><div id=\"event_25212\" class=\"eventon_list_event evo_eventtop  event event_25212_0\" data-event_id=\"25212\" data-ri=\"0r\" data-time=\"1777143600-1777161540\" data-colr=\"#206177\" itemscope itemtype='http:\/\/schema.org\/Event'><div class=\"evo_event_schema\" style=\"display:none\" ><a itemprop='url'  href='https:\/\/miorgemihoublon.be\/index.php\/events\/zwanze-day-2026\/'><\/a><span itemprop='name'  >Zwanze Day 2026<\/span><meta itemprop='image' content='https:\/\/miorgemihoublon.be\/wp-content\/uploads\/2026\/03\/zwanze-2026-V2-jpeg.jpg' \/><meta itemprop='description' content='Le ZWANZE day c\u2019est le moment attendu tout l\u2019ann\u00e9e par les aficionados de Cantillon. La grand f\u00eate dont l\u2019apog\u00e9e trouve son point d\u2019orgue \u00e0 21 heure pr\u00e9cise lorsque de la' \/><meta itemprop='startDate' content='2026-4-25T19:00' \/><meta itemprop='endDate' content='2026-4-25T23:59' \/><meta itemprop='eventStatus' content='on-schedule' \/><script type=\"application\/ld+json\">{\t\"@context\": \"http:\/\/schema.org\",\n\t\t\t\t\t\t\t  \t\"@type\": \"Event\",\n\t\t\t\t\t\t\t  \t\"name\": \"Zwanze Day 2026\",\n\t\t\t\t\t\t\t  \t\"startDate\": \"2026-4-25T19-19-00-00\",\n\t\t\t\t\t\t\t  \t\"endDate\": \"2026-4-25T23-23-59-00\",\n\t\t\t\t\t\t\t  \t\"image\":\"https:\/\/miorgemihoublon.be\/wp-content\/uploads\/2026\/03\/zwanze-2026-V2-jpeg.jpg\",\n\t\t\t\t\t\t\t  \t\"description\":\"Le ZWANZE day c\u2019est le moment attendu tout l\u2019ann\u00e9e par les aficionados de Cantillon. La grand f\u00eate dont l\u2019apog\u00e9e trouve son point d\u2019orgue \u00e0 21 heure pr\u00e9cise lorsque de la\",\n\t\t\t\t\t\t\t  \t\n\t\t\t\t\t\t\t }<\/script><\/div>\n\t\t\t\t<p class=\"desc_trig_outter\"><a data-gmap_status=\"null\" data-exlk=\"0\" style=\"border-color: #206177;\" id=\"evc_177714360025212\" class=\"hasFtIMG desc_trig sin_val evcal_list_a\" data-ux_val=\"1\"  ><span class='ev_ftImg' data-img='https:\/\/miorgemihoublon.be\/wp-content\/uploads\/2026\/03\/zwanze-2026-V2-jpeg.jpg' data-thumb='https:\/\/miorgemihoublon.be\/wp-content\/uploads\/2026\/03\/zwanze-2026-V2-jpeg-300x169.jpg' style='background-image:url(\"https:\/\/miorgemihoublon.be\/wp-content\/uploads\/2026\/03\/zwanze-2026-V2-jpeg-300x169.jpg\")'><\/span><span class='evcal_cblock ' data-bgcolor='#206177' data-smon='Avril' data-syr='2026'><span class='evo_start '><em class='date'>25<\/em><em class='month'>Apr<\/em><em class='time'>19 h 00 min<\/em><\/span><span class='evo_end only_time'><em class='time'>23 h 59 min<\/em><\/span><em class='clear'><\/em><\/span><span class='evcal_desc evo_info hide_eventtopdata '  data-location_status=\"false\" ><span class='evo_above_title'><span class='evo_soldout'>\u00c9puis\u00e9<\/span><\/span><span class='evcal_desc2 evcal_event_title' itemprop='name'>Zwanze Day 2026<\/span><span class='evo_below_title'><\/span><span class='evcal_desc_info' ><\/span><span class='evcal_desc3'><\/span><\/span><em class='clear'><\/em><\/a><\/p><div class='event_description evcal_eventcard ' style=\"display:none\"><div class='evo_metarow_directimg'><img src='https:\/\/miorgemihoublon.be\/wp-content\/uploads\/2026\/03\/zwanze-2026-V2-jpeg.jpg' \/><\/div><div class='evo_metarow_details evorow evcal_evdata_row bordb evcal_event_details'>\n\t\t\t\t\t\t\t<div class=\"event_excerpt\" style=\"display:none\"><h3 class=\"padb5 evo_h3\">Details<\/h3><p>Le ZWANZE day c\u2019est le moment attendu tout l\u2019ann\u00e9e par les aficionados de Cantillon. La grand f\u00eate dont l\u2019apog\u00e9e trouve son point d\u2019orgue \u00e0 21 heure pr\u00e9cise lorsque de la<\/p><\/div><span class='evcal_evdata_icons'><i class='fa fa-align-justify'><\/i><\/span>\n\t\t\t\t\t\t\t\n\t\t\t\t\t\t\t<div class='evcal_evdata_cell shorter_desc'><div class='eventon_details_shading_bot'>\n\t\t\t\t\t\t\t\t<p class='eventon_shad_p' content='less'><span class='ev_more_text' data-txt='Moins'>Plus<\/span><span class='ev_more_arrow'><\/span><\/p>\n\t\t\t\t\t\t\t<\/div><div class='eventon_full_description'>\n\t\t\t\t\t\t\t\t\t<h3 class='padb5 evo_h3'><span class='evcal_evdata_icons'><i class='fa fa-align-justify'><\/i><\/span>Details<\/h3><div class='eventon_desc_in' itemprop='description'>\n\t\t\t\t\t\t\t\t\t<p>Le ZWANZE day c\u2019est le moment attendu tout l\u2019ann\u00e9e par les aficionados de Cantillon. La grand f\u00eate dont l\u2019apog\u00e9e trouve son point d\u2019orgue \u00e0 21 heure pr\u00e9cise lorsque de la c\u00f4te Ouest des \u00c9tats-Unis \u00e0 Melbourne en Australie, une centaine de bars vont simultan\u00e9ment mettre en perce les ZWANZES 2026 (oui cette ann\u00e9e il y en \u00e0 2 !)<\/p>\n<p>Le ticket vous donne droit:<\/p>\n<ul>\n<li>\u00e0 l\u2019acc\u00e8s au bar qui sera privatis\u00e9 le jour J pour l\u2019\u00e9v\u00e8nement;<\/li>\n<li>un verre de bienvenue;<\/li>\n<li>divers zakouskis durant la soir\u00e9e;<\/li>\n<li>un verre de ZWANZE de 25 cl \u00e0 21h ;<\/li>\n<li>animation musicale<\/li>\n<\/ul>\n<p>Il y aura aussi la possibilit\u00e9 de manger un hamburger sur place. (pas compris dans le ticket)<\/p>\n<\/div><div class='clear'><\/div>\n\t\t\t\t\t\t\t\t<\/div>\n\t\t\t\t\t\t\t<\/div>\n\t\t\t\t\t\t<\/div><div class='evo_metarow_time evorow evcal_evdata_row bordb evcal_evrow_sm '>\n\t\t\t\t\t\t\t<span class='evcal_evdata_icons'><i class='fa fa-clock-o'><\/i><\/span>\n\t\t\t\t\t\t\t<div class='evcal_evdata_cell'>\t\t\t\t\t\t\t\n\t\t\t\t\t\t\t\t<h3 class='evo_h3'><span class='evcal_evdata_icons'><i class='fa fa-clock-o'><\/i><\/span>Heure<\/h3><p>(Samedi) 19 h 00 min - 23 h 59 min<\/p>\n\t\t\t\t\t\t\t<\/div>\n\t\t\t\t\t\t<\/div>\t\t\t\t\t\t<div class='evo_metarow_ICS evorow bordb evcal_evdata_row'>\n\t\t\t\t\t\t\t<span class=\"evcal_evdata_icons\"><i class=\"fa fa-calendar\"><\/i><\/span>\n\t\t\t\t\t\t\t<div class='evcal_evdata_cell'>\n\t\t\t\t\t\t\t\t<p><a href='https:\/\/miorgemihoublon.be\/wp-admin\/admin-ajax.php?action=eventon_ics_download&amp;event_id=25212&amp;ri=0' class='evo_ics_nCal' title='Ajouter \u00e0 votre calendrier'>Calendrier<\/a><a href='\/\/www.google.com\/calendar\/event?action=TEMPLATE&amp;text=Zwanze+Day+2026&amp;dates=20260425T170000Z\/20260425T215900Z&amp;details=Le+ZWANZE+day+c%E2%80%99est+le+moment+attendu+tout+l%E2%80%99ann%C3%A9e+par+les+aficionados+de+Cantillon.+La+grand+f%C3%AAte+dont+l%E2%80%99apog%C3%A9e+trouve+son+point+d%E2%80%99orgue+%C3%A0+21+heure+pr%C3%A9cise+lorsque+de+la&amp;location= - ' target='_blank' class='evo_ics_gCal' title='Ajouter \u00e0 votre calendrier Google'>Google Calendar<\/a><\/p>\t\n\t\t\t\t\t\t\t<\/div>\t\t\t\t\t\t<\/div>\n\t\t\t\t\t\t\n\n\n\t\t\t\t<div class='evorow evcal_evdata_row bordb evcal_evrow_sm evo_metarow_tix  lastrow hide_remains' data-event_id='25212' data-wcid='25213' data-tx='' data-ri='' >\n\n\t\t\t\t\t<span class='evcal_evdata_icons'><i class='fa fa-tags'><\/i><\/span>\n\t\t\t\t\t<div class='evcal_evdata_cell'>\t\t\t\t\t\t\t\n\t\t\t\t\t\t<h3 class='evo_h3'>Titre<\/h3>\n\t\t\t\t\t\t<p class='evo_data_val'><\/p>\t\n\t\t\t\t\t\t\t\t\n\t\t\t\t\t\t\t\t\t\t\t\t<div class='evoTX_wc tximg' data-si='no' >\n\t\t\t\t\t\t\t<div class='evoTX_wc_section'>\n\t\t\t\t\t\t\t\t\n\t\t\t\t\t\t\t\t\t\t\t\t\t\t\t\t\t<p class='evo_data_val evotx_description'><\/p>\t\n\t\t\t\t\t\t\t\t\n\t\t\t\t\t\t\t\t\t\t\t\t\t\t\t\t\n\t\t\t\t\t\t\t\t<div class='evotx_ticket_purchase_section'>\n\t\t\t\t\t\t\t<p class='evotx_soldout'>\u00c9puis\u00e9<\/p>\n\t\t\t\t\t\t\t\t<\/div><!-- evotx_ticket_purchase_section-->\n\t\t\t\t\t\t\t<\/div><!-- .evoTX_wc_section -->\n\t\t\t\t\t\t\t\t\t\t\t\t\t\t\t<div class='evotx_image'>\n\t\t\t\t\t\t\t\t\t<img src='https:\/\/miorgemihoublon.be\/wp-content\/uploads\/2026\/03\/Zwanze-26.jpg'\/>\n\t\t\t\t\t\t\t\t\t\t\t\t\t\t\t\t\t<\/div><div class=\"clear\"><\/div>\n\t\t\t\t\t\t\t\t\t\t\t\t\t<\/div>\t\t\t\t\t\t\n\t\t\t\t\t<\/div>\n\t\t\t\t\t\t\t\t\t\t\n\t\t\t\t<div class='evcal_evdata_row evcal_close' title='Close'><\/div> \n\t\t\t\t<\/div>\n\n\n\t\t\t<\/div><div class='clear end'><\/div><\/div>\t\t\t<div class='clear'><\/div>\n\t\t\t<\/div><!-- #evcal_list-->\n\t\t\t<div class='clear'><\/div>\n\n\t\t\t\t\n\t\t\t\n\t\t\t\t\t\t<\/div><!-- .ajde_evcal_calendar-->\n\n\t\t\t<\/div><\/div><\/div><style type=\"text\/css\">\n\t\t\t\t\t\t.fusion-content-boxes-1 .fusion-content-box-hover .heading-link:hover .icon i.circle-yes,\n\t\t\t\t\t\t.fusion-content-boxes-1 .fusion-content-box-hover .link-area-box:hover .heading-link .icon i.circle-yes,\n\t\t\t\t\t\t.fusion-content-boxes-1 .fusion-content-box-hover .link-area-link-icon-hover .heading .icon i.circle-yes,\n\t\t\t\t\t\t.fusion-content-boxes-1 .fusion-content-box-hover .link-area-box-hover .heading .icon i.circle-yes {\n\t\t\t\t\t\t\tbackground-color: #c0996b !important;\n\t\t\t\t\t\t\tborder-color: #c0996b !important;\n\t\t\t\t\t\t}<\/style><div class=\"fusion-clearfix\"><\/div><\/div><\/div><style type=\"text\/css\">.fusion-body .fusion-builder-column-0{width:100% !important;margin-top : 0px;margin-bottom : 20px;}.fusion-builder-column-0 > .fusion-column-wrapper {padding-top : 0px !important;padding-right : 0px !important;margin-right : 0px;padding-bottom : 0px !important;padding-left : 0px !important;margin-left : 0px;}@media only screen and (max-width:1024px) {.fusion-body .fusion-builder-column-0{width:100% !important;}.fusion-builder-column-0 > .fusion-column-wrapper {margin-right : 0px;margin-left : 0px;}}@media only screen and (max-width:640px) {.fusion-body .fusion-builder-column-0{width:100% !important;}.fusion-builder-column-0 > .fusion-column-wrapper {margin-right : 0px;margin-left : 0px;}}<\/style><\/div><\/div><style type=\"text\/css\">.fusion-body .fusion-flex-container.fusion-builder-row-1{ padding-top : 0px;margin-top : 0px;padding-right : 0px;padding-bottom : 0px;margin-bottom : 0px;padding-left : 0px;}<\/style><\/div>\n","protected":false},"excerpt":{"rendered":"","protected":false},"author":1,"featured_media":0,"parent":0,"menu_order":0,"comment_status":"closed","ping_status":"closed","template":"100-width.php","meta":[],"_links":{"self":[{"href":"https:\/\/miorgemihoublon.be\/index.php\/wp-json\/wp\/v2\/pages\/1208"}],"collection":[{"href":"https:\/\/miorgemihoublon.be\/index.php\/wp-json\/wp\/v2\/pages"}],"about":[{"href":"https:\/\/miorgemihoublon.be\/index.php\/wp-json\/wp\/v2\/types\/page"}],"author":[{"embeddable":true,"href":"https:\/\/miorgemihoublon.be\/index.php\/wp-json\/wp\/v2\/users\/1"}],"replies":[{"embeddable":true,"href":"https:\/\/miorgemihoublon.be\/index.php\/wp-json\/wp\/v2\/comments?post=1208"}],"version-history":[{"count":28,"href":"https:\/\/miorgemihoublon.be\/index.php\/wp-json\/wp\/v2\/pages\/1208\/revisions"}],"predecessor-version":[{"id":21063,"href":"https:\/\/miorgemihoublon.be\/index.php\/wp-json\/wp\/v2\/pages\/1208\/revisions\/21063"}],"wp:attachment":[{"href":"https:\/\/miorgemihoublon.be\/index.php\/wp-json\/wp\/v2\/media?parent=1208"}],"curies":[{"name":"wp","href":"https:\/\/api.w.org\/{rel}","templated":true}]}}