{"id":3045,"date":"2018-05-25T15:09:29","date_gmt":"2018-05-25T13:09:29","guid":{"rendered":"http:\/\/miorgemihoublon.be\/?page_id=3045"},"modified":"2020-11-17T12:39:33","modified_gmt":"2020-11-17T11:39:33","slug":"politique-de-confidentialite","status":"publish","type":"page","link":"https:\/\/miorgemihoublon.be\/index.php\/politique-de-confidentialite\/","title":{"rendered":"Politique de confidentialit\u00e9"},"content":{"rendered":"<div class=\"fusion-fullwidth fullwidth-box fusion-builder-row-1 fusion-flex-container nonhundred-percent-fullwidth non-hundred-percent-height-scrolling\" style=\"background-color: rgba(255,255,255,0);background-position: center center;background-repeat: no-repeat;border-width: 0px 0px 0px 0px;border-color:#eae9e9;border-style:solid;\" ><div class=\"fusion-builder-row fusion-row fusion-flex-align-items-flex-start\" style=\"max-width:calc( 1170px + 0px );margin-left: calc(-0px \/ 2 );margin-right: calc(-0px \/ 2 );\"><div class=\"fusion-layout-column fusion_builder_column fusion-builder-column-0 fusion_builder_column_1_1 1_1 fusion-flex-column\"><div class=\"fusion-column-wrapper fusion-flex-justify-content-flex-start fusion-content-layout-column\" style=\"background-position:left top;background-repeat:no-repeat;-webkit-background-size:cover;-moz-background-size:cover;-o-background-size:cover;background-size:cover;padding: 0px 0px 0px 0px;\"><div class=\"fusion-text fusion-text-1\"><div>Le R\u00e8glement g\u00e9n\u00e9ral sur la protection des donn\u00e9es personnelles (RGPD) dont l&#8217;objectif est de prot\u00e9ger vos donn\u00e9es personnelles est appliqu\u00e9 chez Mi-Orge Mi-Houblon, c&#8217;est-\u00e0-dire que toutes les informations qui permettent de vous identifier et vos coordonn\u00e9es ne seront en aucun cas transmises \u00e0 des tiers.<\/div>\n<div><\/div>\n<div>\n<p>Vous gardez toujours un droit de regard sur celles-ci et, sur simple demande, vous pouvez proc\u00e9der \u00e0 toute modification de vos donn\u00e9es ou \u00e0 leur suppression pure et simple.<\/p>\n<p>Mi-Orge Mi-Houblon SPRL, comme par le pass\u00e9 et avec toutes les garanties de confidentialit\u00e9 qui s&#8217;imposent, conserve vos coordonn\u00e9es de mani\u00e8re s\u00e9curis\u00e9e via le site ymlpsend3.com, et les utilise dans le cadre de ses activit\u00e9s \u00e0 fin de newsletter uniquement<\/p>\n<\/div>\n<div><\/div>\n<div><b>Sachez que vos donn\u00e9es ne seront jamais utilis\u00e9es \u00e0 d\u2019autres fins que celles d\u00e9crites ci-dessus et ne seront jamais transmises \u00e0 des tiers<\/b>.<\/div>\n<\/div><\/div><style type=\"text\/css\">.fusion-body .fusion-builder-column-0{width:100% !important;margin-top : 0px;margin-bottom : 0px;}.fusion-builder-column-0 > .fusion-column-wrapper {padding-top : 0px !important;padding-right : 0px !important;margin-right : 0px;padding-bottom : 0px !important;padding-left : 0px !important;margin-left : 0px;}@media only screen and (max-width:1024px) {.fusion-body .fusion-builder-column-0{width:100% !important;}.fusion-builder-column-0 > .fusion-column-wrapper {margin-right : 0px;margin-left : 0px;}}@media only screen and (max-width:640px) {.fusion-body .fusion-builder-column-0{width:100% !important;}.fusion-builder-column-0 > .fusion-column-wrapper {margin-right : 0px;margin-left : 0px;}}<\/style><\/div><\/div><style type=\"text\/css\">.fusion-body .fusion-flex-container.fusion-builder-row-1{ padding-top : 0px;margin-top : 0px;padding-right : 0px;padding-bottom : 0px;margin-bottom : 0px;padding-left : 0px;}<\/style><\/div>\n","protected":false},"excerpt":{"rendered":"","protected":false},"author":1,"featured_media":0,"parent":0,"menu_order":0,"comment_status":"closed","ping_status":"closed","template":"","meta":[],"_links":{"self":[{"href":"https:\/\/miorgemihoublon.be\/index.php\/wp-json\/wp\/v2\/pages\/3045"}],"collection":[{"href":"https:\/\/miorgemihoublon.be\/index.php\/wp-json\/wp\/v2\/pages"}],"about":[{"href":"https:\/\/miorgemihoublon.be\/index.php\/wp-json\/wp\/v2\/types\/page"}],"author":[{"embeddable":true,"href":"https:\/\/miorgemihoublon.be\/index.php\/wp-json\/wp\/v2\/users\/1"}],"replies":[{"embeddable":true,"href":"https:\/\/miorgemihoublon.be\/index.php\/wp-json\/wp\/v2\/comments?post=3045"}],"version-history":[{"count":4,"href":"https:\/\/miorgemihoublon.be\/index.php\/wp-json\/wp\/v2\/pages\/3045\/revisions"}],"predecessor-version":[{"id":19500,"href":"https:\/\/miorgemihoublon.be\/index.php\/wp-json\/wp\/v2\/pages\/3045\/revisions\/19500"}],"wp:attachment":[{"href":"https:\/\/miorgemihoublon.be\/index.php\/wp-json\/wp\/v2\/media?parent=3045"}],"curies":[{"name":"wp","href":"https:\/\/api.w.org\/{rel}","templated":true}]}}