{"id":2047,"date":"2017-09-30T11:52:13","date_gmt":"2017-09-30T09:52:13","guid":{"rendered":"http:\/\/miorgemihoublon.be\/index.php\/produit\/ticket-atelier-thematique-les-bieres-de-noel-20171202-20171202\/"},"modified":"2020-11-17T15:59:43","modified_gmt":"2020-11-17T14:59:43","slug":"ticket-atelier-thematique-les-bieres-de-noel-20171202-20171202","status":"publish","type":"product","link":"https:\/\/miorgemihoublon.be\/index.php\/produit\/ticket-atelier-thematique-les-bieres-de-noel-20171202-20171202\/","title":{"rendered":"Ticket: Atelier Th\u00e9matique: &#8220;les Bi\u00e8res de No\u00ebl&#8221; &#8211; 2017\/12\/02-2017\/12\/02"},"content":{"rendered":"<p>Event Ticket<\/p>\n","protected":false},"excerpt":{"rendered":"<p>Event Ticket<\/p>\n","protected":false},"featured_media":2043,"template":"","meta":[],"product_cat":[36],"product_tag":[],"_links":{"self":[{"href":"https:\/\/miorgemihoublon.be\/index.php\/wp-json\/wp\/v2\/product\/2047"}],"collection":[{"href":"https:\/\/miorgemihoublon.be\/index.php\/wp-json\/wp\/v2\/product"}],"about":[{"href":"https:\/\/miorgemihoublon.be\/index.php\/wp-json\/wp\/v2\/types\/product"}],"wp:featuredmedia":[{"embeddable":true,"href":"https:\/\/miorgemihoublon.be\/index.php\/wp-json\/wp\/v2\/media\/2043"}],"wp:attachment":[{"href":"https:\/\/miorgemihoublon.be\/index.php\/wp-json\/wp\/v2\/media?parent=2047"}],"wp:term":[{"taxonomy":"product_cat","embeddable":true,"href":"https:\/\/miorgemihoublon.be\/index.php\/wp-json\/wp\/v2\/product_cat?post=2047"},{"taxonomy":"product_tag","embeddable":true,"href":"https:\/\/miorgemihoublon.be\/index.php\/wp-json\/wp\/v2\/product_tag?post=2047"}],"curies":[{"name":"wp","href":"https:\/\/api.w.org\/{rel}","templated":true}]}}