{"id":22533,"date":"2022-01-04T11:49:07","date_gmt":"2022-01-04T10:49:07","guid":{"rendered":"https:\/\/miorgemihoublon.be\/index.php\/produit\/ticket-atelier-degustation-les-bieres-decalees-2022-01-29-2022-01-29\/"},"modified":"2022-01-11T11:54:25","modified_gmt":"2022-01-11T10:54:25","slug":"ticket-atelier-degustation-les-bieres-decalees-2022-01-29-2022-01-29","status":"publish","type":"product","link":"https:\/\/miorgemihoublon.be\/index.php\/produit\/ticket-atelier-degustation-les-bieres-decalees-2022-01-29-2022-01-29\/","title":{"rendered":"Ticket: Atelier d\u00e9gustation : Les bi\u00e8res d\u00e9cal\u00e9es 2022\/01\/29 &#8211; 2022\/01\/29"},"content":{"rendered":"<p>Event Ticket<\/p>\n","protected":false},"excerpt":{"rendered":"<p>Event Ticket<\/p>\n","protected":false},"featured_media":22530,"template":"","meta":[],"product_cat":[36],"product_tag":[],"_links":{"self":[{"href":"https:\/\/miorgemihoublon.be\/index.php\/wp-json\/wp\/v2\/product\/22533"}],"collection":[{"href":"https:\/\/miorgemihoublon.be\/index.php\/wp-json\/wp\/v2\/product"}],"about":[{"href":"https:\/\/miorgemihoublon.be\/index.php\/wp-json\/wp\/v2\/types\/product"}],"wp:featuredmedia":[{"embeddable":true,"href":"https:\/\/miorgemihoublon.be\/index.php\/wp-json\/wp\/v2\/media\/22530"}],"wp:attachment":[{"href":"https:\/\/miorgemihoublon.be\/index.php\/wp-json\/wp\/v2\/media?parent=22533"}],"wp:term":[{"taxonomy":"product_cat","embeddable":true,"href":"https:\/\/miorgemihoublon.be\/index.php\/wp-json\/wp\/v2\/product_cat?post=22533"},{"taxonomy":"product_tag","embeddable":true,"href":"https:\/\/miorgemihoublon.be\/index.php\/wp-json\/wp\/v2\/product_tag?post=22533"}],"curies":[{"name":"wp","href":"https:\/\/api.w.org\/{rel}","templated":true}]}}