{"id":22732,"date":"2022-03-18T08:36:04","date_gmt":"2022-03-18T07:36:04","guid":{"rendered":"https:\/\/miorgemihoublon.be\/index.php\/produit\/ticket-atelier-degustation-les-bieres-decalees-2022-04-30-2022-04-30\/"},"modified":"2022-04-18T12:04:14","modified_gmt":"2022-04-18T10:04:14","slug":"ticket-atelier-degustation-les-bieres-decalees-2022-04-30-2022-04-30","status":"publish","type":"product","link":"https:\/\/miorgemihoublon.be\/index.php\/produit\/ticket-atelier-degustation-les-bieres-decalees-2022-04-30-2022-04-30\/","title":{"rendered":"Ticket: Atelier d\u00e9gustation : Les bi\u00e8res d\u00e9cal\u00e9es 2022\/04\/30 &#8211; 2022\/04\/30"},"content":{"rendered":"<p>Event Ticket<\/p>\n","protected":false},"excerpt":{"rendered":"<p>Event Ticket<\/p>\n","protected":false},"featured_media":22729,"template":"","meta":[],"product_cat":[36],"product_tag":[],"_links":{"self":[{"href":"https:\/\/miorgemihoublon.be\/index.php\/wp-json\/wp\/v2\/product\/22732"}],"collection":[{"href":"https:\/\/miorgemihoublon.be\/index.php\/wp-json\/wp\/v2\/product"}],"about":[{"href":"https:\/\/miorgemihoublon.be\/index.php\/wp-json\/wp\/v2\/types\/product"}],"wp:featuredmedia":[{"embeddable":true,"href":"https:\/\/miorgemihoublon.be\/index.php\/wp-json\/wp\/v2\/media\/22729"}],"wp:attachment":[{"href":"https:\/\/miorgemihoublon.be\/index.php\/wp-json\/wp\/v2\/media?parent=22732"}],"wp:term":[{"taxonomy":"product_cat","embeddable":true,"href":"https:\/\/miorgemihoublon.be\/index.php\/wp-json\/wp\/v2\/product_cat?post=22732"},{"taxonomy":"product_tag","embeddable":true,"href":"https:\/\/miorgemihoublon.be\/index.php\/wp-json\/wp\/v2\/product_tag?post=22732"}],"curies":[{"name":"wp","href":"https:\/\/api.w.org\/{rel}","templated":true}]}}