{"id":22740,"date":"2022-03-18T08:42:34","date_gmt":"2022-03-18T07:42:34","guid":{"rendered":"https:\/\/miorgemihoublon.be\/index.php\/produit\/ticket-atelier-degustation-les-bieres-meconnues-de-la-province-du-luxembourg-2022-05-28-2022-05-28\/"},"modified":"2022-04-20T15:09:35","modified_gmt":"2022-04-20T13:09:35","slug":"ticket-atelier-degustation-les-bieres-meconnues-de-la-province-du-luxembourg-2022-05-28-2022-05-28","status":"publish","type":"product","link":"https:\/\/miorgemihoublon.be\/index.php\/produit\/ticket-atelier-degustation-les-bieres-meconnues-de-la-province-du-luxembourg-2022-05-28-2022-05-28\/","title":{"rendered":"Ticket: Atelier d\u00e9gustation : Les bi\u00e8res m\u00e9connues de la province du Luxembourg 2022\/05\/28 &#8211; 2022\/05\/28"},"content":{"rendered":"<p>Event Ticket<\/p>\n","protected":false},"excerpt":{"rendered":"<p>Event Ticket<\/p>\n","protected":false},"featured_media":22729,"template":"","meta":[],"product_cat":[36],"product_tag":[],"_links":{"self":[{"href":"https:\/\/miorgemihoublon.be\/index.php\/wp-json\/wp\/v2\/product\/22740"}],"collection":[{"href":"https:\/\/miorgemihoublon.be\/index.php\/wp-json\/wp\/v2\/product"}],"about":[{"href":"https:\/\/miorgemihoublon.be\/index.php\/wp-json\/wp\/v2\/types\/product"}],"wp:featuredmedia":[{"embeddable":true,"href":"https:\/\/miorgemihoublon.be\/index.php\/wp-json\/wp\/v2\/media\/22729"}],"wp:attachment":[{"href":"https:\/\/miorgemihoublon.be\/index.php\/wp-json\/wp\/v2\/media?parent=22740"}],"wp:term":[{"taxonomy":"product_cat","embeddable":true,"href":"https:\/\/miorgemihoublon.be\/index.php\/wp-json\/wp\/v2\/product_cat?post=22740"},{"taxonomy":"product_tag","embeddable":true,"href":"https:\/\/miorgemihoublon.be\/index.php\/wp-json\/wp\/v2\/product_tag?post=22740"}],"curies":[{"name":"wp","href":"https:\/\/api.w.org\/{rel}","templated":true}]}}