{"id":24485,"date":"2023-12-03T20:25:21","date_gmt":"2023-12-03T19:25:21","guid":{"rendered":"https:\/\/miorgemihoublon.be\/?post_type=product&#038;p=24485"},"modified":"2023-12-03T20:28:54","modified_gmt":"2023-12-03T19:28:54","slug":"aupres-de-ma-blonde-coffret-12-bouteilles","status":"publish","type":"product","link":"https:\/\/miorgemihoublon.be\/index.php\/produit\/aupres-de-ma-blonde-coffret-12-bouteilles\/","title":{"rendered":"Aupr\u00e8s de ma blonde &#8211; Coffret 12 bouteilles"},"content":{"rendered":"<p>Un coffret constitu\u00e9 \u00e0 100% de bi\u00e8res blondes l\u00e9g\u00e8res et plus fortes, pour les amateurs du style. Le tout 100% belge et artisanal.<\/p>\n","protected":false},"excerpt":{"rendered":"<p>Coffret cadeau au couleur du magasin Mi-Orge Mi-Houblon compos\u00e9 de 12 bouteilles de bi\u00e8re en 33 cl de 6 brasseries artisanales\u00a0belges diff\u00e9rentes.<\/p>\n<p>La photo est illustrative et ne repr\u00e9sente pas le contenu pr\u00e9cis du coffret cadeau.<\/p>\n","protected":false},"featured_media":21241,"template":"","meta":[],"product_cat":[54],"product_tag":[],"_links":{"self":[{"href":"https:\/\/miorgemihoublon.be\/index.php\/wp-json\/wp\/v2\/product\/24485"}],"collection":[{"href":"https:\/\/miorgemihoublon.be\/index.php\/wp-json\/wp\/v2\/product"}],"about":[{"href":"https:\/\/miorgemihoublon.be\/index.php\/wp-json\/wp\/v2\/types\/product"}],"wp:featuredmedia":[{"embeddable":true,"href":"https:\/\/miorgemihoublon.be\/index.php\/wp-json\/wp\/v2\/media\/21241"}],"wp:attachment":[{"href":"https:\/\/miorgemihoublon.be\/index.php\/wp-json\/wp\/v2\/media?parent=24485"}],"wp:term":[{"taxonomy":"product_cat","embeddable":true,"href":"https:\/\/miorgemihoublon.be\/index.php\/wp-json\/wp\/v2\/product_cat?post=24485"},{"taxonomy":"product_tag","embeddable":true,"href":"https:\/\/miorgemihoublon.be\/index.php\/wp-json\/wp\/v2\/product_tag?post=24485"}],"curies":[{"name":"wp","href":"https:\/\/api.w.org\/{rel}","templated":true}]}}