{"id":2527,"date":"2018-01-13T09:29:47","date_gmt":"2018-01-13T08:29:47","guid":{"rendered":"http:\/\/miorgemihoublon.be\/index.php\/produit\/ticket-atelier-thematique-la-torrefaction-dans-la-biere-20180317-20180317\/"},"modified":"2020-11-17T16:01:54","modified_gmt":"2020-11-17T15:01:54","slug":"ticket-atelier-thematique-la-torrefaction-dans-la-biere-20180317-20180317","status":"publish","type":"product","link":"https:\/\/miorgemihoublon.be\/index.php\/produit\/ticket-atelier-thematique-la-torrefaction-dans-la-biere-20180317-20180317\/","title":{"rendered":"Ticket: Atelier th\u00e9matique: la torr\u00e9faction dans la bi\u00e8re &#8211; 2018\/03\/17-2018\/03\/17"},"content":{"rendered":"<p>Event Ticket<\/p>\n","protected":false},"excerpt":{"rendered":"<p>Event Ticket<\/p>\n","protected":false},"featured_media":0,"template":"","meta":[],"product_cat":[36],"product_tag":[],"_links":{"self":[{"href":"https:\/\/miorgemihoublon.be\/index.php\/wp-json\/wp\/v2\/product\/2527"}],"collection":[{"href":"https:\/\/miorgemihoublon.be\/index.php\/wp-json\/wp\/v2\/product"}],"about":[{"href":"https:\/\/miorgemihoublon.be\/index.php\/wp-json\/wp\/v2\/types\/product"}],"wp:attachment":[{"href":"https:\/\/miorgemihoublon.be\/index.php\/wp-json\/wp\/v2\/media?parent=2527"}],"wp:term":[{"taxonomy":"product_cat","embeddable":true,"href":"https:\/\/miorgemihoublon.be\/index.php\/wp-json\/wp\/v2\/product_cat?post=2527"},{"taxonomy":"product_tag","embeddable":true,"href":"https:\/\/miorgemihoublon.be\/index.php\/wp-json\/wp\/v2\/product_tag?post=2527"}],"curies":[{"name":"wp","href":"https:\/\/api.w.org\/{rel}","templated":true}]}}