{"id":2856,"date":"2018-03-16T14:05:18","date_gmt":"2018-03-16T13:05:18","guid":{"rendered":"http:\/\/miorgemihoublon.be\/index.php\/produit\/ticket-extreme-atelier-thematique-bieres-extremes-20180428-20180428\/"},"modified":"2020-11-17T16:01:19","modified_gmt":"2020-11-17T15:01:19","slug":"ticket-extreme-atelier-thematique-bieres-extremes-20180428-20180428","status":"publish","type":"product","link":"https:\/\/miorgemihoublon.be\/index.php\/produit\/ticket-extreme-atelier-thematique-bieres-extremes-20180428-20180428\/","title":{"rendered":"Ticket: (extreme) Atelier th\u00e9matique &#8220;bi\u00e8res extr\u00eames&#8221; &#8211; 2018\/04\/28-2018\/04\/28"},"content":{"rendered":"<p>Event Ticket<\/p>\n","protected":false},"excerpt":{"rendered":"<p>Event Ticket<\/p>\n","protected":false},"featured_media":0,"template":"","meta":[],"product_cat":[36],"product_tag":[],"_links":{"self":[{"href":"https:\/\/miorgemihoublon.be\/index.php\/wp-json\/wp\/v2\/product\/2856"}],"collection":[{"href":"https:\/\/miorgemihoublon.be\/index.php\/wp-json\/wp\/v2\/product"}],"about":[{"href":"https:\/\/miorgemihoublon.be\/index.php\/wp-json\/wp\/v2\/types\/product"}],"wp:attachment":[{"href":"https:\/\/miorgemihoublon.be\/index.php\/wp-json\/wp\/v2\/media?parent=2856"}],"wp:term":[{"taxonomy":"product_cat","embeddable":true,"href":"https:\/\/miorgemihoublon.be\/index.php\/wp-json\/wp\/v2\/product_cat?post=2856"},{"taxonomy":"product_tag","embeddable":true,"href":"https:\/\/miorgemihoublon.be\/index.php\/wp-json\/wp\/v2\/product_tag?post=2856"}],"curies":[{"name":"wp","href":"https:\/\/api.w.org\/{rel}","templated":true}]}}