{"id":2860,"date":"2018-03-16T14:10:24","date_gmt":"2018-03-16T13:10:24","guid":{"rendered":"http:\/\/miorgemihoublon.be\/index.php\/produit\/ticket-zytho-atelier-thematique-initiation-a-la-degustation-20180519-20180519\/"},"modified":"2020-11-17T14:07:21","modified_gmt":"2020-11-17T13:07:21","slug":"ticket-zytho-atelier-thematique-initiation-a-la-degustation-20180519-20180519","status":"publish","type":"product","link":"https:\/\/miorgemihoublon.be\/index.php\/produit\/ticket-zytho-atelier-thematique-initiation-a-la-degustation-20180519-20180519\/","title":{"rendered":"Ticket: (zytho) Atelier th\u00e9matique &#8220;initiation \u00e0 la d\u00e9gustation&#8221; &#8211; 2018\/05\/19-2018\/05\/19"},"content":{"rendered":"<p>Event Ticket<\/p>\n","protected":false},"excerpt":{"rendered":"<p>Event Ticket<\/p>\n","protected":false},"featured_media":0,"template":"","meta":[],"product_cat":[36],"product_tag":[],"_links":{"self":[{"href":"https:\/\/miorgemihoublon.be\/index.php\/wp-json\/wp\/v2\/product\/2860"}],"collection":[{"href":"https:\/\/miorgemihoublon.be\/index.php\/wp-json\/wp\/v2\/product"}],"about":[{"href":"https:\/\/miorgemihoublon.be\/index.php\/wp-json\/wp\/v2\/types\/product"}],"wp:attachment":[{"href":"https:\/\/miorgemihoublon.be\/index.php\/wp-json\/wp\/v2\/media?parent=2860"}],"wp:term":[{"taxonomy":"product_cat","embeddable":true,"href":"https:\/\/miorgemihoublon.be\/index.php\/wp-json\/wp\/v2\/product_cat?post=2860"},{"taxonomy":"product_tag","embeddable":true,"href":"https:\/\/miorgemihoublon.be\/index.php\/wp-json\/wp\/v2\/product_tag?post=2860"}],"curies":[{"name":"wp","href":"https:\/\/api.w.org\/{rel}","templated":true}]}}