{"id":3304,"date":"2018-08-22T13:49:51","date_gmt":"2018-08-22T11:49:51","guid":{"rendered":"http:\/\/miorgemihoublon.be\/index.php\/produit\/ticket-atelier-thematique-les-bieres-de-noel-2018-11-24-2018-11-24\/"},"modified":"2020-11-17T15:59:01","modified_gmt":"2020-11-17T14:59:01","slug":"ticket-atelier-thematique-les-bieres-de-noel-2018-11-24-2018-11-24","status":"publish","type":"product","link":"https:\/\/miorgemihoublon.be\/index.php\/produit\/ticket-atelier-thematique-les-bieres-de-noel-2018-11-24-2018-11-24\/","title":{"rendered":"Ticket: Atelier th\u00e9matique: les bi\u00e8res de No\u00ebl &#8211; 2018\/11\/24-2018\/11\/24"},"content":{"rendered":"<p>Event Ticket<\/p>\n","protected":false},"excerpt":{"rendered":"<p>Event Ticket<\/p>\n","protected":false},"featured_media":0,"template":"","meta":[],"product_cat":[36],"product_tag":[],"_links":{"self":[{"href":"https:\/\/miorgemihoublon.be\/index.php\/wp-json\/wp\/v2\/product\/3304"}],"collection":[{"href":"https:\/\/miorgemihoublon.be\/index.php\/wp-json\/wp\/v2\/product"}],"about":[{"href":"https:\/\/miorgemihoublon.be\/index.php\/wp-json\/wp\/v2\/types\/product"}],"wp:attachment":[{"href":"https:\/\/miorgemihoublon.be\/index.php\/wp-json\/wp\/v2\/media?parent=3304"}],"wp:term":[{"taxonomy":"product_cat","embeddable":true,"href":"https:\/\/miorgemihoublon.be\/index.php\/wp-json\/wp\/v2\/product_cat?post=3304"},{"taxonomy":"product_tag","embeddable":true,"href":"https:\/\/miorgemihoublon.be\/index.php\/wp-json\/wp\/v2\/product_tag?post=3304"}],"curies":[{"name":"wp","href":"https:\/\/api.w.org\/{rel}","templated":true}]}}