{"id":4387,"date":"2019-03-29T16:59:09","date_gmt":"2019-03-29T15:59:09","guid":{"rendered":"http:\/\/miorgemihoublon.be\/index.php\/produit\/ticket-apero-thematique-br-du-mont-saleve-2019-05-18-2019-05-18\/"},"modified":"2020-11-17T16:02:26","modified_gmt":"2020-11-17T15:02:26","slug":"ticket-apero-thematique-br-du-mont-saleve-2019-05-18-2019-05-18","status":"publish","type":"product","link":"https:\/\/miorgemihoublon.be\/index.php\/produit\/ticket-apero-thematique-br-du-mont-saleve-2019-05-18-2019-05-18\/","title":{"rendered":"Ticket: Ap\u00e9ro Th\u00e9matique &#8211; Br du Mont Sal\u00e8ve &#8211; 2019\/05\/18-2019\/05\/18"},"content":{"rendered":"<p>Event Ticket<\/p>\n","protected":false},"excerpt":{"rendered":"<p>Event Ticket<\/p>\n","protected":false},"featured_media":0,"template":"","meta":[],"product_cat":[36],"product_tag":[],"_links":{"self":[{"href":"https:\/\/miorgemihoublon.be\/index.php\/wp-json\/wp\/v2\/product\/4387"}],"collection":[{"href":"https:\/\/miorgemihoublon.be\/index.php\/wp-json\/wp\/v2\/product"}],"about":[{"href":"https:\/\/miorgemihoublon.be\/index.php\/wp-json\/wp\/v2\/types\/product"}],"wp:attachment":[{"href":"https:\/\/miorgemihoublon.be\/index.php\/wp-json\/wp\/v2\/media?parent=4387"}],"wp:term":[{"taxonomy":"product_cat","embeddable":true,"href":"https:\/\/miorgemihoublon.be\/index.php\/wp-json\/wp\/v2\/product_cat?post=4387"},{"taxonomy":"product_tag","embeddable":true,"href":"https:\/\/miorgemihoublon.be\/index.php\/wp-json\/wp\/v2\/product_tag?post=4387"}],"curies":[{"name":"wp","href":"https:\/\/api.w.org\/{rel}","templated":true}]}}