{"id":5516,"date":"2019-09-02T16:21:04","date_gmt":"2019-09-02T14:21:04","guid":{"rendered":"http:\/\/miorgemihoublon.be\/index.php\/produit\/ticket-atelier-thematique-les-bieres-de-noel-2019-11-16-2019-11-16\/"},"modified":"2019-10-29T09:05:52","modified_gmt":"2019-10-29T08:05:52","slug":"ticket-atelier-thematique-les-bieres-de-noel-2019-11-16-2019-11-16","status":"publish","type":"product","link":"https:\/\/miorgemihoublon.be\/index.php\/produit\/ticket-atelier-thematique-les-bieres-de-noel-2019-11-16-2019-11-16\/","title":{"rendered":"Ticket: atelier th\u00e9matique &#8211; Les bi\u00e8res de No\u00ebl 2019\/11\/16 &#8211; 2019\/11\/16"},"content":{"rendered":"<p>Event Ticket<\/p>\n","protected":false},"excerpt":{"rendered":"<p>Event Ticket<\/p>\n","protected":false},"featured_media":5511,"template":"","meta":[],"product_cat":[36],"product_tag":[],"_links":{"self":[{"href":"https:\/\/miorgemihoublon.be\/index.php\/wp-json\/wp\/v2\/product\/5516"}],"collection":[{"href":"https:\/\/miorgemihoublon.be\/index.php\/wp-json\/wp\/v2\/product"}],"about":[{"href":"https:\/\/miorgemihoublon.be\/index.php\/wp-json\/wp\/v2\/types\/product"}],"wp:featuredmedia":[{"embeddable":true,"href":"https:\/\/miorgemihoublon.be\/index.php\/wp-json\/wp\/v2\/media\/5511"}],"wp:attachment":[{"href":"https:\/\/miorgemihoublon.be\/index.php\/wp-json\/wp\/v2\/media?parent=5516"}],"wp:term":[{"taxonomy":"product_cat","embeddable":true,"href":"https:\/\/miorgemihoublon.be\/index.php\/wp-json\/wp\/v2\/product_cat?post=5516"},{"taxonomy":"product_tag","embeddable":true,"href":"https:\/\/miorgemihoublon.be\/index.php\/wp-json\/wp\/v2\/product_tag?post=5516"}],"curies":[{"name":"wp","href":"https:\/\/api.w.org\/{rel}","templated":true}]}}