{"id":9846,"date":"2019-12-10T21:09:57","date_gmt":"2019-12-10T20:09:57","guid":{"rendered":"http:\/\/miorgemihoublon.be\/?post_type=product&#038;p=9846"},"modified":"2023-01-14T11:15:47","modified_gmt":"2023-01-14T10:15:47","slug":"coffret-decouverte-12-bt","status":"publish","type":"product","link":"https:\/\/miorgemihoublon.be\/index.php\/produit\/coffret-decouverte-12-bt\/","title":{"rendered":"12 bi\u00e8res styles belge"},"content":{"rendered":"","protected":false},"excerpt":{"rendered":"<p>Coffret cadeau au couleur du magasin Mi-Orge Mi-Houblon, compos\u00e9 de 12 bouteilles de bi\u00e8re en 33cl reprenant les grands styles belges. De la blanche \u00e0 la triple, une d\u00e9couverte du savoir-faire de nos ma\u00eetres-brasseurs.<\/p>\n<p>La photo est illustrative et ne repr\u00e9sente pas le contenu pr\u00e9cis du coffret cadeau.<\/p>\n","protected":false},"featured_media":21247,"template":"","meta":[],"product_cat":[54],"product_tag":[],"_links":{"self":[{"href":"https:\/\/miorgemihoublon.be\/index.php\/wp-json\/wp\/v2\/product\/9846"}],"collection":[{"href":"https:\/\/miorgemihoublon.be\/index.php\/wp-json\/wp\/v2\/product"}],"about":[{"href":"https:\/\/miorgemihoublon.be\/index.php\/wp-json\/wp\/v2\/types\/product"}],"wp:featuredmedia":[{"embeddable":true,"href":"https:\/\/miorgemihoublon.be\/index.php\/wp-json\/wp\/v2\/media\/21247"}],"wp:attachment":[{"href":"https:\/\/miorgemihoublon.be\/index.php\/wp-json\/wp\/v2\/media?parent=9846"}],"wp:term":[{"taxonomy":"product_cat","embeddable":true,"href":"https:\/\/miorgemihoublon.be\/index.php\/wp-json\/wp\/v2\/product_cat?post=9846"},{"taxonomy":"product_tag","embeddable":true,"href":"https:\/\/miorgemihoublon.be\/index.php\/wp-json\/wp\/v2\/product_tag?post=9846"}],"curies":[{"name":"wp","href":"https:\/\/api.w.org\/{rel}","templated":true}]}}