{"id":9876,"date":"2019-12-11T00:35:37","date_gmt":"2019-12-10T23:35:37","guid":{"rendered":"http:\/\/miorgemihoublon.be\/?post_type=product&#038;p=9876"},"modified":"2025-01-18T11:45:56","modified_gmt":"2025-01-18T10:45:56","slug":"coffret-cadeau-decouverte-bieres-et-chocolats-5bt","status":"publish","type":"product","link":"https:\/\/miorgemihoublon.be\/index.php\/produit\/coffret-cadeau-decouverte-bieres-et-chocolats-5bt\/","title":{"rendered":"Accord bi\u00e8res et chocolats &#8211; 5 bouteilles"},"content":{"rendered":"","protected":false},"excerpt":{"rendered":"<p>Coffret cadeau au couleur du magasin Mi-Orge Mi-Houblon compos\u00e9 de 5 bouteilles de bi\u00e8re en 33 cl, ainsi qu\u2019un sachet de pralines artisanales \u00ab Jean le Chocolatier \u00bb en accord avec les bi\u00e8res de brasseries artisanales propos\u00e9es et un livret explicatif sur la d\u00e9gustation de la bi\u00e8re et du chocolat.<\/p>\n<p>La photo est illustrative et ne repr\u00e9sente pas le contenu pr\u00e9cis du coffret cadeau.<\/p>\n","protected":false},"featured_media":21243,"template":"","meta":[],"product_cat":[54],"product_tag":[],"_links":{"self":[{"href":"https:\/\/miorgemihoublon.be\/index.php\/wp-json\/wp\/v2\/product\/9876"}],"collection":[{"href":"https:\/\/miorgemihoublon.be\/index.php\/wp-json\/wp\/v2\/product"}],"about":[{"href":"https:\/\/miorgemihoublon.be\/index.php\/wp-json\/wp\/v2\/types\/product"}],"wp:featuredmedia":[{"embeddable":true,"href":"https:\/\/miorgemihoublon.be\/index.php\/wp-json\/wp\/v2\/media\/21243"}],"wp:attachment":[{"href":"https:\/\/miorgemihoublon.be\/index.php\/wp-json\/wp\/v2\/media?parent=9876"}],"wp:term":[{"taxonomy":"product_cat","embeddable":true,"href":"https:\/\/miorgemihoublon.be\/index.php\/wp-json\/wp\/v2\/product_cat?post=9876"},{"taxonomy":"product_tag","embeddable":true,"href":"https:\/\/miorgemihoublon.be\/index.php\/wp-json\/wp\/v2\/product_tag?post=9876"}],"curies":[{"name":"wp","href":"https:\/\/api.w.org\/{rel}","templated":true}]}}